{"id":61,"date":"2022-04-10T19:19:34","date_gmt":"2022-04-10T17:19:34","guid":{"rendered":"https:\/\/www.fewo-eichenbirkig34.de\/?page_id=61"},"modified":"2023-05-11T23:02:03","modified_gmt":"2023-05-11T21:02:03","slug":"home-em","status":"publish","type":"page","link":"https:\/\/www.fewo-eichenbirkig34.de\/","title":{"rendered":"Home"},"content":{"rendered":"\t\t<div data-elementor-type=\"wp-post\" data-elementor-id=\"61\" class=\"elementor elementor-61\">\n\t\t\t\t\t\t\t\t\t<section class=\"elementor-section elementor-top-section elementor-element elementor-element-0a23d21 elementor-section-boxed elementor-section-height-default elementor-section-height-default\" data-id=\"0a23d21\" data-element_type=\"section\">\n\t\t\t\t\t\t<div class=\"elementor-container elementor-column-gap-default\">\n\t\t\t\t\t<div class=\"elementor-column elementor-col-100 elementor-top-column elementor-element elementor-element-df2ed92\" data-id=\"df2ed92\" data-element_type=\"column\">\n\t\t\t<div class=\"elementor-widget-wrap elementor-element-populated\">\n\t\t\t\t\t\t\t\t<div class=\"elementor-element elementor-element-8205070 elementor-widget elementor-widget-image\" data-id=\"8205070\" data-element_type=\"widget\" data-widget_type=\"image.default\">\n\t\t\t\t<div class=\"elementor-widget-container\">\n\t\t\t<style>\/*! elementor - v3.13.2 - 11-05-2023 *\/\n.elementor-widget-image{text-align:center}.elementor-widget-image a{display:inline-block}.elementor-widget-image a img[src$=\".svg\"]{width:48px}.elementor-widget-image img{vertical-align:middle;display:inline-block}<\/style>\t\t\t\t\t\t\t\t\t\t\t\t<img loading=\"lazy\" decoding=\"async\" width=\"1024\" height=\"395\" src=\"https:\/\/www.fewo-eichenbirkig34.de\/wp-content\/uploads\/2022\/04\/IMG_5087_klein-1-1024x395.jpg\" class=\"attachment-large size-large wp-image-19\" alt=\"\" srcset=\"https:\/\/www.fewo-eichenbirkig34.de\/wp-content\/uploads\/2022\/04\/IMG_5087_klein-1-1024x395.jpg 1024w, https:\/\/www.fewo-eichenbirkig34.de\/wp-content\/uploads\/2022\/04\/IMG_5087_klein-1-300x116.jpg 300w, https:\/\/www.fewo-eichenbirkig34.de\/wp-content\/uploads\/2022\/04\/IMG_5087_klein-1-768x296.jpg 768w, https:\/\/www.fewo-eichenbirkig34.de\/wp-content\/uploads\/2022\/04\/IMG_5087_klein-1.jpg 1424w\" sizes=\"auto, (max-width: 1024px) 100vw, 1024px\" \/>\t\t\t\t\t\t\t\t\t\t\t\t\t\t\t<\/div>\n\t\t\t\t<\/div>\n\t\t\t\t<div class=\"elementor-element elementor-element-ea14ee7 elementor-widget elementor-widget-text-editor\" data-id=\"ea14ee7\" data-element_type=\"widget\" data-widget_type=\"text-editor.default\">\n\t\t\t\t<div class=\"elementor-widget-container\">\n\t\t\t<style>\/*! elementor - v3.13.2 - 11-05-2023 *\/\n.elementor-widget-text-editor.elementor-drop-cap-view-stacked .elementor-drop-cap{background-color:#69727d;color:#fff}.elementor-widget-text-editor.elementor-drop-cap-view-framed .elementor-drop-cap{color:#69727d;border:3px solid;background-color:transparent}.elementor-widget-text-editor:not(.elementor-drop-cap-view-default) .elementor-drop-cap{margin-top:8px}.elementor-widget-text-editor:not(.elementor-drop-cap-view-default) .elementor-drop-cap-letter{width:1em;height:1em}.elementor-widget-text-editor .elementor-drop-cap{float:left;text-align:center;line-height:1;font-size:50px}.elementor-widget-text-editor .elementor-drop-cap-letter{display:inline-block}<\/style>\t\t\t\t\t\t\t\t\t\t<\/div>\n\t\t\t\t<\/div>\n\t\t\t\t\t<\/div>\n\t\t<\/div>\n\t\t\t\t\t\t\t<\/div>\n\t\t<\/section>\n\t\t\t\t<section class=\"elementor-section elementor-top-section elementor-element elementor-element-808cb87 elementor-section-boxed elementor-section-height-default elementor-section-height-default\" data-id=\"808cb87\" data-element_type=\"section\">\n\t\t\t\t\t\t<div class=\"elementor-container elementor-column-gap-default\">\n\t\t\t\t\t<div class=\"elementor-column elementor-col-100 elementor-top-column elementor-element elementor-element-4b363f3\" data-id=\"4b363f3\" data-element_type=\"column\">\n\t\t\t<div class=\"elementor-widget-wrap elementor-element-populated\">\n\t\t\t\t\t\t\t\t<div class=\"elementor-element elementor-element-d989222 elementor-widget elementor-widget-text-editor\" data-id=\"d989222\" data-element_type=\"widget\" data-widget_type=\"text-editor.default\">\n\t\t\t\t<div class=\"elementor-widget-container\">\n\t\t\t\t\t\t\t<h2 id=\"block-620169ae-3272-4dcc-8787-7902a93e7401\" class=\"block-editor-rich-text__editable block-editor-block-list__block wp-block has-text-align-center is-multi-selected wp-block-heading rich-text is-hovered\" tabindex=\"0\" role=\"document\" aria-multiline=\"true\" aria-label=\"Block: \u00dcberschrift\" data-block=\"620169ae-3272-4dcc-8787-7902a93e7401\" data-type=\"core\/heading\" data-title=\"\u00dcberschrift\">Herzlich Willkommen<\/h2><p id=\"block-4fdf4914-bf4b-4676-aa17-7b34ee4281b1\" class=\"block-editor-rich-text__editable block-editor-block-list__block wp-block has-text-align-center is-multi-selected wp-block-paragraph rich-text\" tabindex=\"0\" role=\"document\" aria-multiline=\"true\" aria-label=\"Absatz-Block\" data-block=\"4fdf4914-bf4b-4676-aa17-7b34ee4281b1\" data-type=\"core\/paragraph\" data-title=\"Absatz\" data-empty=\"false\"><strong>in Eri&#8217;s neuer Ferienwohnung.<\/strong><\/p><p><strong>4 Schlafr\u00e4ume bieten Platz f\u00fcr 5-9 Personen.<\/strong><\/p><p><strong>W-Lan kostenlos inklusive<\/strong><\/p><p><strong>Im ersten Obergeschoss, mit einer gro\u00dfen Terrasse, ist die Wohnung separat \u00fcber den Haupteingang mit Treppe zu erreichen.<\/strong><\/p><p><strong>In ruhiger l\u00e4ndlicher Lage. <\/strong><\/p><p><strong>Allergiker frei, keine Haustiere, Nichtraucher Wohnung.<\/strong><\/p><p><strong>Parkpl\u00e4tze direkt am Haus und Fahrradunterstellplatz.<\/strong><\/p><p><strong>Gro\u00dfer Kinder Spielplatz und Fu\u00dfballwiese gegen\u00fcber.<\/strong><\/p><p><strong>Im Herzen der Fr\u00e4nkischen Schweiz,<\/strong><\/p><p><strong>bieten wir f\u00fcr alle Altersgruppen den perfekten Ort um sich<\/strong><\/p><p><strong>Wohlzuf\u00fchlen.<\/strong><\/p><p><strong>Nahe der Burg Rabeneck und den einzigartigen<\/strong><\/p><p><strong>Fluss, DER WIESEND.<\/strong><\/p><p><strong>Auf der gegen\u00fcberliegenden Seite ist unsere Sophienh\u00f6hle, eine Falknerei sowie die Kunstvoll gestaltete Burg Rabenstein.<\/strong><\/p><p><strong>Das Freibad Waischenfeld, die Therme Obernsees, Rad- und Wanderwege, Burgen und H\u00f6hlen sind alle in der N\u00e4he.<\/strong><\/p><p><strong>Viele weitere Naturwunder warten auf Ihrem Besuch.<\/strong><\/p><p><strong>Pottenstein, die Erlebnis Meile, ist nur 8 Kilometer entfernt.<\/strong><\/p><p><strong>Viele weitere Aktionen k\u00f6nnen Sie in der Fr\u00e4nkischen Schweiz erleben.<\/strong><\/p><p><strong>F\u00fcr weitere Infos und Fragen stehen wir Ihnen gerne auch Telefonisch zur Verf\u00fcgung.<\/strong><\/p><p><strong>Tel: 09202\/970463<\/strong><\/p><p><a href=\"mailto:info@fewo-eichenbirkig34.de\"><span style=\"background-color: var(--wp--preset--color--background);\"><b>info@fewo-eichenbirkig34.de<\/b><\/span><\/a><strong>\u00a0<\/strong><\/p><p><strong>Wir freuen uns, Sie begr\u00fc\u00dfen zu d\u00fcrfen.<\/strong><\/p><p><strong>Erika &amp; J\u00fcrgen Schmidt<\/strong><\/p><p tabindex=\"0\" role=\"document\" aria-multiline=\"true\" aria-label=\"Absatz-Block\" data-block=\"4fdf4914-bf4b-4676-aa17-7b34ee4281b1\" data-type=\"core\/paragraph\" data-title=\"Absatz\" data-empty=\"false\">\u00a0<\/p>\t\t\t\t\t\t<\/div>\n\t\t\t\t<\/div>\n\t\t\t\t\t<\/div>\n\t\t<\/div>\n\t\t\t\t\t\t\t<\/div>\n\t\t<\/section>\n\t\t\t\t<section class=\"elementor-section elementor-top-section elementor-element elementor-element-3578020 elementor-section-boxed elementor-section-height-default elementor-section-height-default\" data-id=\"3578020\" data-element_type=\"section\">\n\t\t\t\t\t\t<div class=\"elementor-container elementor-column-gap-default\">\n\t\t\t\t\t<div class=\"elementor-column elementor-col-100 elementor-top-column elementor-element elementor-element-596b335\" data-id=\"596b335\" data-element_type=\"column\">\n\t\t\t<div class=\"elementor-widget-wrap elementor-element-populated\">\n\t\t\t\t\t\t\t\t<div class=\"elementor-element elementor-element-2b47388 elementor-widget elementor-widget-image\" data-id=\"2b47388\" data-element_type=\"widget\" data-widget_type=\"image.default\">\n\t\t\t\t<div class=\"elementor-widget-container\">\n\t\t\t\t\t\t\t\t\t\t\t\t\t\t\t<img loading=\"lazy\" decoding=\"async\" width=\"1021\" height=\"1024\" src=\"https:\/\/www.fewo-eichenbirkig34.de\/wp-content\/uploads\/2022\/10\/2022-10-06_17-21-16_659-1-1021x1024.jpg\" class=\"attachment-large size-large wp-image-271\" alt=\"\" srcset=\"https:\/\/www.fewo-eichenbirkig34.de\/wp-content\/uploads\/2022\/10\/2022-10-06_17-21-16_659-1-1021x1024.jpg 1021w, https:\/\/www.fewo-eichenbirkig34.de\/wp-content\/uploads\/2022\/10\/2022-10-06_17-21-16_659-1-300x300.jpg 300w, https:\/\/www.fewo-eichenbirkig34.de\/wp-content\/uploads\/2022\/10\/2022-10-06_17-21-16_659-1-150x150.jpg 150w, https:\/\/www.fewo-eichenbirkig34.de\/wp-content\/uploads\/2022\/10\/2022-10-06_17-21-16_659-1-768x770.jpg 768w, https:\/\/www.fewo-eichenbirkig34.de\/wp-content\/uploads\/2022\/10\/2022-10-06_17-21-16_659-1-1532x1536.jpg 1532w, https:\/\/www.fewo-eichenbirkig34.de\/wp-content\/uploads\/2022\/10\/2022-10-06_17-21-16_659-1-2042x2048.jpg 2042w\" sizes=\"auto, (max-width: 1021px) 100vw, 1021px\" \/>\t\t\t\t\t\t\t\t\t\t\t\t\t\t\t<\/div>\n\t\t\t\t<\/div>\n\t\t\t\t\t<\/div>\n\t\t<\/div>\n\t\t\t\t\t\t\t<\/div>\n\t\t<\/section>\n\t\t\t\t\t\t\t<\/div>\n\t\t","protected":false},"excerpt":{"rendered":"<p>Herzlich Willkommen in Eri&#8217;s neuer Ferienwohnung. 4 Schlafr\u00e4ume bieten Platz f\u00fcr 5-9 Personen. W-Lan kostenlos inklusive Im ersten Obergeschoss, mit einer gro\u00dfen Terrasse, ist die Wohnung separat \u00fcber den Haupteingang mit Treppe zu erreichen. In ruhiger l\u00e4ndlicher Lage. Allergiker frei, keine Haustiere, Nichtraucher Wohnung. Parkpl\u00e4tze direkt am Haus und Fahrradunterstellplatz. Gro\u00dfer Kinder Spielplatz und Fu\u00dfballwiese [&hellip;]<\/p>\n","protected":false},"author":1,"featured_media":0,"parent":0,"menu_order":0,"comment_status":"closed","ping_status":"closed","template":"","meta":{"footnotes":""},"class_list":["post-61","page","type-page","status-publish","hentry"],"_links":{"self":[{"href":"https:\/\/www.fewo-eichenbirkig34.de\/index.php?rest_route=\/wp\/v2\/pages\/61","targetHints":{"allow":["GET"]}}],"collection":[{"href":"https:\/\/www.fewo-eichenbirkig34.de\/index.php?rest_route=\/wp\/v2\/pages"}],"about":[{"href":"https:\/\/www.fewo-eichenbirkig34.de\/index.php?rest_route=\/wp\/v2\/types\/page"}],"author":[{"embeddable":true,"href":"https:\/\/www.fewo-eichenbirkig34.de\/index.php?rest_route=\/wp\/v2\/users\/1"}],"replies":[{"embeddable":true,"href":"https:\/\/www.fewo-eichenbirkig34.de\/index.php?rest_route=%2Fwp%2Fv2%2Fcomments&post=61"}],"version-history":[{"count":39,"href":"https:\/\/www.fewo-eichenbirkig34.de\/index.php?rest_route=\/wp\/v2\/pages\/61\/revisions"}],"predecessor-version":[{"id":292,"href":"https:\/\/www.fewo-eichenbirkig34.de\/index.php?rest_route=\/wp\/v2\/pages\/61\/revisions\/292"}],"wp:attachment":[{"href":"https:\/\/www.fewo-eichenbirkig34.de\/index.php?rest_route=%2Fwp%2Fv2%2Fmedia&parent=61"}],"curies":[{"name":"wp","href":"https:\/\/api.w.org\/{rel}","templated":true}]}}